{"id":295,"date":"2025-08-30T14:41:36","date_gmt":"2025-08-30T14:41:36","guid":{"rendered":"https:\/\/arteonlinehc.com.br\/semananauticapoa\/?page_id=295"},"modified":"2025-10-16T19:21:56","modified_gmt":"2025-10-16T19:21:56","slug":"artigos-e-noticias","status":"publish","type":"page","link":"https:\/\/circuitonautico.com\/?page_id=295","title":{"rendered":"Artigos e Not\u00edcias"},"content":{"rendered":"\t\t<div data-elementor-type=\"wp-page\" data-elementor-id=\"295\" class=\"elementor elementor-295\" data-elementor-post-type=\"page\">\n\t\t\t\t<div class=\"elementor-element elementor-element-fe183b7 e-con-full e-flex wpr-particle-no wpr-jarallax-no wpr-parallax-no wpr-sticky-section-no e-con e-parent\" data-id=\"fe183b7\" data-element_type=\"container\" data-e-type=\"container\" data-settings=\"{&quot;background_background&quot;:&quot;classic&quot;}\">\n\t\t\t\t<div class=\"elementor-element elementor-element-82ba45a elementor-invisible elementor-widget elementor-widget-heading\" data-id=\"82ba45a\" data-element_type=\"widget\" data-e-type=\"widget\" data-settings=\"{&quot;_animation&quot;:&quot;fadeInLeft&quot;}\" data-widget_type=\"heading.default\">\n\t\t\t\t\t<h2 class=\"elementor-heading-title elementor-size-default\">Destaques<\/h2>\t\t\t\t<\/div>\n\t\t\t\t<\/div>\n\t\t<div class=\"elementor-element elementor-element-9e35353 e-con-full e-flex wpr-particle-no wpr-jarallax-no wpr-parallax-no wpr-sticky-section-no e-con e-parent\" data-id=\"9e35353\" data-element_type=\"container\" data-e-type=\"container\">\n\t\t\t\t<div class=\"elementor-element elementor-element-f906acb elementor-grid-eael-col-3 elementor-grid-tablet-eael-col-2 elementor-grid-mobile-eael-col-1 elementor-widget elementor-widget-eael-post-grid\" data-id=\"f906acb\" data-element_type=\"widget\" data-e-type=\"widget\" data-settings=\"{&quot;eael_post_grid_columns&quot;:&quot;eael-col-3&quot;,&quot;eael_post_grid_columns_tablet&quot;:&quot;eael-col-2&quot;,&quot;eael_post_grid_columns_mobile&quot;:&quot;eael-col-1&quot;}\" data-widget_type=\"eael-post-grid.default\">\n\t\t\t\t\t<div id=\"eael-post-grid-f906acb\" class=\"eael-post-grid-container\">\n            <div class=\"eael-post-grid eael-post-appender eael-post-appender-f906acb eael-post-grid-style-three\" data-layout-mode=\"grid\"><article class=\"eael-grid-post  eael-post-grid-column eael-pg-post-5844 category-blog tags-canoa-havaiana-canoa-polinesia-competicoes-nauticas-economia-azul-esportes-nauticos-esportes-nauticos-em-porto-alegre-experiencias-nauticas-regatas-remo-setor-nautico-stand-up-paddle-sup-vida-no-guaiba\" data-id=\"5844\">\n        <div class=\"eael-grid-post-holder\">\n            <div class=\"eael-grid-post-holder-inner\"><div class=\"eael-entry-wrapper\"><header class=\"eael-entry-header\"><h2 class=\"eael-entry-title\"><a class=\"eael-grid-post-link\" href=\"https:\/\/circuitonautico.com\/?p=5844\" title=\"Esportes n\u00e1uticos em Porto Alegre, muitas possibilidades de viver as \u00e1guas do Gua\u00edba\">Esportes n\u00e1uticos em Porto Alegre, muitas possibilidades de viver as<\/a><\/h2><\/header><div class=\"eael-entry-content\">\n                        <div class=\"eael-grid-post-excerpt\"><a href=\"https:\/\/circuitonautico.com\/?p=5844\" class=\"eael-post-elements-readmore-btn\">Leia mais<\/a><\/div>\n                    <\/div><\/div><\/div>\n        <\/div>\n    <\/article><article class=\"eael-grid-post  eael-post-grid-column eael-pg-post-5839 category-blog tags-clubes-de-vela-porto-alegre-clubes-nauticos-porto-alegre-vela-gaucha-velejar-em-porto-alegre\" data-id=\"5839\">\n        <div class=\"eael-grid-post-holder\">\n            <div class=\"eael-grid-post-holder-inner\"><div class=\"eael-entry-wrapper\"><header class=\"eael-entry-header\"><h2 class=\"eael-entry-title\"><a class=\"eael-grid-post-link\" href=\"https:\/\/circuitonautico.com\/?p=5839\" title=\"Porto Alegre e a vela: uma hist\u00f3ria de pioneirismo e conquistas\">Porto Alegre e a vela: uma hist\u00f3ria de pioneirismo e<\/a><\/h2><\/header><div class=\"eael-entry-content\">\n                        <div class=\"eael-grid-post-excerpt\"><a href=\"https:\/\/circuitonautico.com\/?p=5839\" class=\"eael-post-elements-readmore-btn\">Leia mais<\/a><\/div>\n                    <\/div><\/div><\/div>\n        <\/div>\n    <\/article><article class=\"eael-grid-post  eael-post-grid-column eael-pg-post-5295 category-materia tags-economia-azul-economia-do-mar-economia-nautica-experiencias-nauticas-ipva-para-barcos-setor-nautico-turismo-nautico\" data-id=\"5295\">\n        <div class=\"eael-grid-post-holder\">\n            <div class=\"eael-grid-post-holder-inner\"><div class=\"eael-entry-wrapper\"><header class=\"eael-entry-header\"><h2 class=\"eael-entry-title\"><a class=\"eael-grid-post-link\" href=\"https:\/\/circuitonautico.com\/?p=5295\" title=\"IPVA para embarca\u00e7\u00f5es: Uma amea\u00e7a real ao setor n\u00e1utico brasileiro\">IPVA para embarca\u00e7\u00f5es: Uma amea\u00e7a real ao setor n\u00e1utico brasileiro<\/a><\/h2><\/header><div class=\"eael-entry-content\">\n                        <div class=\"eael-grid-post-excerpt\"><a href=\"https:\/\/circuitonautico.com\/?p=5295\" class=\"eael-post-elements-readmore-btn\">Leia mais<\/a><\/div>\n                    <\/div><\/div><\/div>\n        <\/div>\n    <\/article><\/div>\n            <div class=\"clearfix\"><\/div>\n        <\/div>\t\t\t\t<\/div>\n\t\t\t\t<\/div>\n\t\t<div class=\"elementor-element elementor-element-8edeca6 e-con-full e-flex wpr-particle-no wpr-jarallax-no wpr-parallax-no wpr-sticky-section-no e-con e-parent\" data-id=\"8edeca6\" data-element_type=\"container\" data-e-type=\"container\" data-settings=\"{&quot;background_background&quot;:&quot;classic&quot;}\">\n\t\t<div class=\"elementor-element elementor-element-9324f65 e-con-full e-flex wpr-particle-no wpr-jarallax-no wpr-parallax-no wpr-sticky-section-no elementor-invisible e-con e-child\" data-id=\"9324f65\" data-element_type=\"container\" data-e-type=\"container\" data-settings=\"{&quot;background_background&quot;:&quot;classic&quot;,&quot;animation&quot;:&quot;rotateInDownLeft&quot;,&quot;animation_delay&quot;:400}\">\n\t\t\t\t<\/div>\n\t\t\t\t<div class=\"elementor-element elementor-element-e85a53e elementor-invisible elementor-widget elementor-widget-heading\" data-id=\"e85a53e\" data-element_type=\"widget\" data-e-type=\"widget\" data-settings=\"{&quot;_animation&quot;:&quot;fadeInLeft&quot;}\" data-widget_type=\"heading.default\">\n\t\t\t\t\t<h2 class=\"elementor-heading-title elementor-size-default\">Artigos e Not\u00edcias<\/h2>\t\t\t\t<\/div>\n\t\t\t\t<\/div>\n\t\t<div class=\"elementor-element elementor-element-8e040be e-con-full e-flex wpr-particle-no wpr-jarallax-no wpr-parallax-no wpr-sticky-section-no e-con e-parent\" data-id=\"8e040be\" data-element_type=\"container\" data-e-type=\"container\">\n\t\t\t\t<div class=\"elementor-element elementor-element-4a67ee5 elementor-grid-eael-col-3 elementor-grid-tablet-eael-col-2 elementor-grid-mobile-eael-col-1 elementor-widget elementor-widget-eael-post-grid\" data-id=\"4a67ee5\" data-element_type=\"widget\" data-e-type=\"widget\" data-settings=\"{&quot;eael_post_grid_columns&quot;:&quot;eael-col-3&quot;,&quot;eael_post_grid_columns_tablet&quot;:&quot;eael-col-2&quot;,&quot;eael_post_grid_columns_mobile&quot;:&quot;eael-col-1&quot;}\" data-widget_type=\"eael-post-grid.default\">\n\t\t\t\t\t<div id=\"eael-post-grid-4a67ee5\" class=\"eael-post-grid-container\">\n            <div class=\"eael-post-grid eael-post-appender eael-post-appender-4a67ee5 eael-post-grid-style-two\" data-layout-mode=\"grid\"><article class=\"eael-grid-post  eael-post-grid-column eael-pg-post-5844 category-blog tags-canoa-havaiana-canoa-polinesia-competicoes-nauticas-economia-azul-esportes-nauticos-esportes-nauticos-em-porto-alegre-experiencias-nauticas-regatas-remo-setor-nautico-stand-up-paddle-sup-vida-no-guaiba\" data-id=\"5844\">\n    <div class=\"eael-grid-post-holder\">\n        <div class=\"eael-grid-post-holder-inner\"><div class=\"eael-entry-media\"><div class=\"eael-entry-overlay fade-in\"><i class=\"fas fa-long-arrow-alt-right\" aria-hidden=\"true\"><\/i><a href=\"https:\/\/circuitonautico.com\/?p=5844\"><\/a><\/div><div class=\"eael-entry-thumbnail \">\n                            <img fetchpriority=\"high\" decoding=\"async\" width=\"1472\" height=\"1174\" src=\"https:\/\/circuitonautico.com\/wp-content\/uploads\/2025\/08\/stand-up-paddle.png\" class=\"attachment-full size-full wp-image-491\" alt=\"\" srcset=\"https:\/\/circuitonautico.com\/wp-content\/uploads\/2025\/08\/stand-up-paddle.png 1472w, https:\/\/circuitonautico.com\/wp-content\/uploads\/2025\/08\/stand-up-paddle-300x239.png 300w, https:\/\/circuitonautico.com\/wp-content\/uploads\/2025\/08\/stand-up-paddle-1024x817.png 1024w, https:\/\/circuitonautico.com\/wp-content\/uploads\/2025\/08\/stand-up-paddle-768x613.png 768w\" sizes=\"(max-width: 1472px) 100vw, 1472px\" \/>\n                            <\/div>\n                    <\/div><div class=\"eael-entry-wrapper\"><header class=\"eael-entry-header\"><h2 class=\"eael-entry-title\"><a class=\"eael-grid-post-link\" href=\"https:\/\/circuitonautico.com\/?p=5844\" title=\"Esportes n\u00e1uticos em Porto Alegre, muitas possibilidades de viver as \u00e1guas do Gua\u00edba\">Esportes n\u00e1uticos em Porto Alegre, muitas possibilidades de viver as \u00e1guas do Gua\u00edba<\/a><\/h2><\/header><div class=\"eael-entry-content\">\n                                <div class=\"eael-grid-post-excerpt\"><p>Porto Alegre, com seu cen\u00e1rio privilegiado \u00e0s margens do Gua\u00edba,...<\/p><a href=\"https:\/\/circuitonautico.com\/?p=5844\" class=\"eael-post-elements-readmore-btn\">Leia mais<\/a><\/div>\n                            <\/div><div class=\"eael-entry-header-after style-two\"><div class=\"eael-entry-meta\"><span class=\"eael-meta-posted-on\"><i class=\"far fa-clock\"><\/i><time datetime=\"20\/10\/2025\">20\/10\/2025<\/time><\/span><\/div><\/div><\/div><\/div>\n    <\/div>\n<\/article><article class=\"eael-grid-post  eael-post-grid-column eael-pg-post-5839 category-blog tags-clubes-de-vela-porto-alegre-clubes-nauticos-porto-alegre-vela-gaucha-velejar-em-porto-alegre\" data-id=\"5839\">\n    <div class=\"eael-grid-post-holder\">\n        <div class=\"eael-grid-post-holder-inner\"><div class=\"eael-entry-media\"><div class=\"eael-entry-overlay fade-in\"><i class=\"fas fa-long-arrow-alt-right\" aria-hidden=\"true\"><\/i><a href=\"https:\/\/circuitonautico.com\/?p=5839\"><\/a><\/div><div class=\"eael-entry-thumbnail \">\n                            <img decoding=\"async\" width=\"740\" height=\"500\" src=\"https:\/\/circuitonautico.com\/wp-content\/uploads\/2025\/10\/Velejaco-noturno-VDS.png\" class=\"attachment-full size-full wp-image-5545\" alt=\"\" srcset=\"https:\/\/circuitonautico.com\/wp-content\/uploads\/2025\/10\/Velejaco-noturno-VDS.png 740w, https:\/\/circuitonautico.com\/wp-content\/uploads\/2025\/10\/Velejaco-noturno-VDS-300x203.png 300w\" sizes=\"(max-width: 740px) 100vw, 740px\" \/>\n                            <\/div>\n                    <\/div><div class=\"eael-entry-wrapper\"><header class=\"eael-entry-header\"><h2 class=\"eael-entry-title\"><a class=\"eael-grid-post-link\" href=\"https:\/\/circuitonautico.com\/?p=5839\" title=\"Porto Alegre e a vela: uma hist\u00f3ria de pioneirismo e conquistas\">Porto Alegre e a vela: uma hist\u00f3ria de pioneirismo e conquistas<\/a><\/h2><\/header><div class=\"eael-entry-content\">\n                                <div class=\"eael-grid-post-excerpt\"><p>Porto Alegre consolidou-se como um dos centros mais relevantes para...<\/p><a href=\"https:\/\/circuitonautico.com\/?p=5839\" class=\"eael-post-elements-readmore-btn\">Leia mais<\/a><\/div>\n                            <\/div><div class=\"eael-entry-header-after style-two\"><div class=\"eael-entry-meta\"><span class=\"eael-meta-posted-on\"><i class=\"far fa-clock\"><\/i><time datetime=\"19\/10\/2025\">19\/10\/2025<\/time><\/span><\/div><\/div><\/div><\/div>\n    <\/div>\n<\/article><article class=\"eael-grid-post  eael-post-grid-column eael-pg-post-5295 category-materia tags-economia-azul-economia-do-mar-economia-nautica-experiencias-nauticas-ipva-para-barcos-setor-nautico-turismo-nautico\" data-id=\"5295\">\n    <div class=\"eael-grid-post-holder\">\n        <div class=\"eael-grid-post-holder-inner\"><div class=\"eael-entry-media\"><div class=\"eael-entry-overlay fade-in\"><i class=\"fas fa-long-arrow-alt-right\" aria-hidden=\"true\"><\/i><a href=\"https:\/\/circuitonautico.com\/?p=5295\"><\/a><\/div><div class=\"eael-entry-thumbnail \">\n                            <img decoding=\"async\" width=\"1920\" height=\"1080\" src=\"https:\/\/circuitonautico.com\/wp-content\/uploads\/2025\/08\/terceiro-evento.png\" class=\"attachment-full size-full wp-image-659\" alt=\"\" srcset=\"https:\/\/circuitonautico.com\/wp-content\/uploads\/2025\/08\/terceiro-evento.png 1920w, https:\/\/circuitonautico.com\/wp-content\/uploads\/2025\/08\/terceiro-evento-300x169.png 300w, https:\/\/circuitonautico.com\/wp-content\/uploads\/2025\/08\/terceiro-evento-1024x576.png 1024w, https:\/\/circuitonautico.com\/wp-content\/uploads\/2025\/08\/terceiro-evento-768x432.png 768w, https:\/\/circuitonautico.com\/wp-content\/uploads\/2025\/08\/terceiro-evento-1536x864.png 1536w\" sizes=\"(max-width: 1920px) 100vw, 1920px\" \/>\n                            <\/div>\n                    <\/div><div class=\"eael-entry-wrapper\"><header class=\"eael-entry-header\"><h2 class=\"eael-entry-title\"><a class=\"eael-grid-post-link\" href=\"https:\/\/circuitonautico.com\/?p=5295\" title=\"IPVA para embarca\u00e7\u00f5es: Uma amea\u00e7a real ao setor n\u00e1utico brasileiro\">IPVA para embarca\u00e7\u00f5es: Uma amea\u00e7a real ao setor n\u00e1utico brasileiro<\/a><\/h2><\/header><div class=\"eael-entry-content\">\n                                <div class=\"eael-grid-post-excerpt\"><p>\u00a0 A discuss\u00e3o sobre a inclus\u00e3o de embarca\u00e7\u00f5es na cobran\u00e7a...<\/p><a href=\"https:\/\/circuitonautico.com\/?p=5295\" class=\"eael-post-elements-readmore-btn\">Leia mais<\/a><\/div>\n                            <\/div><div class=\"eael-entry-header-after style-two\"><div class=\"eael-entry-meta\"><span class=\"eael-meta-posted-on\"><i class=\"far fa-clock\"><\/i><time datetime=\"19\/10\/2025\">19\/10\/2025<\/time><\/span><\/div><\/div><\/div><\/div>\n    <\/div>\n<\/article><\/div>\n            <div class=\"clearfix\"><\/div>\n        <\/div>\t\t\t\t<\/div>\n\t\t\t\t<\/div>\n\t\t<div class=\"elementor-element elementor-element-45db968 e-flex e-con-boxed wpr-particle-no wpr-jarallax-no wpr-parallax-no wpr-sticky-section-no e-con e-parent\" data-id=\"45db968\" data-element_type=\"container\" data-e-type=\"container\">\n\t\t\t\t\t<div class=\"e-con-inner\">\n\t\t\t\t<div class=\"elementor-element elementor-element-9c9fff8 elementor-grid-3 elementor-grid-tablet-2 elementor-grid-mobile-1 elementor-widget elementor-widget-loop-grid\" data-id=\"9c9fff8\" data-element_type=\"widget\" data-e-type=\"widget\" data-settings=\"{&quot;template_id&quot;:4692,&quot;_skin&quot;:&quot;post&quot;,&quot;columns&quot;:&quot;3&quot;,&quot;columns_tablet&quot;:&quot;2&quot;,&quot;columns_mobile&quot;:&quot;1&quot;,&quot;edit_handle_selector&quot;:&quot;[data-elementor-type=\\&quot;loop-item\\&quot;]&quot;,&quot;row_gap&quot;:{&quot;unit&quot;:&quot;px&quot;,&quot;size&quot;:&quot;&quot;,&quot;sizes&quot;:[]},&quot;row_gap_tablet&quot;:{&quot;unit&quot;:&quot;px&quot;,&quot;size&quot;:&quot;&quot;,&quot;sizes&quot;:[]},&quot;row_gap_mobile&quot;:{&quot;unit&quot;:&quot;px&quot;,&quot;size&quot;:&quot;&quot;,&quot;sizes&quot;:[]}}\" data-widget_type=\"loop-grid.post\">\n\t\t\t\t<div class=\"elementor-widget-container\">\n\t\t\t\t\t\t\t<div class=\"elementor-loop-container elementor-grid\" role=\"list\">\n\t\t<style id=\"loop-4692\">.elementor-4692 .elementor-element.elementor-element-a4011a2{--display:flex;--flex-direction:column;--container-widget-width:100%;--container-widget-height:initial;--container-widget-flex-grow:0;--container-widget-align-self:initial;--flex-wrap-mobile:wrap;}<\/style>\t\t<div data-elementor-type=\"loop-item\" data-elementor-id=\"4692\" class=\"elementor elementor-4692 e-loop-item e-loop-item-5844 post-5844 post type-post status-publish format-standard has-post-thumbnail hentry category-blog tag-canoa-havaiana tag-canoa-polinesia tag-competicoes-nauticas tag-economia-azul tag-esportes-nauticos tag-esportes-nauticos-em-porto-alegre tag-experiencias-nauticas tag-regatas tag-remo tag-setor-nautico tag-stand-up-paddle tag-sup tag-vida-no-guaiba\" data-elementor-post-type=\"elementor_library\" data-custom-edit-handle=\"1\">\n\t\t\t<div class=\"elementor-element elementor-element-a4011a2 e-flex e-con-boxed wpr-particle-no wpr-jarallax-no wpr-parallax-no wpr-sticky-section-no e-con e-parent\" data-id=\"a4011a2\" data-element_type=\"container\" data-e-type=\"container\">\n\t\t\t\t\t<div class=\"e-con-inner\">\n\t\t\t\t\t<\/div>\n\t\t\t\t<\/div>\n\t\t\t\t<\/div>\n\t\t\t\t<div data-elementor-type=\"loop-item\" data-elementor-id=\"4692\" class=\"elementor elementor-4692 e-loop-item e-loop-item-5839 post-5839 post type-post status-publish format-standard has-post-thumbnail hentry category-blog tag-clubes-de-vela-porto-alegre tag-clubes-nauticos-porto-alegre tag-vela-gaucha tag-velejar-em-porto-alegre\" data-elementor-post-type=\"elementor_library\" data-custom-edit-handle=\"1\">\n\t\t\t<div class=\"elementor-element elementor-element-a4011a2 e-flex e-con-boxed wpr-particle-no wpr-jarallax-no wpr-parallax-no wpr-sticky-section-no e-con e-parent\" data-id=\"a4011a2\" data-element_type=\"container\" data-e-type=\"container\">\n\t\t\t\t\t<div class=\"e-con-inner\">\n\t\t\t\t\t<\/div>\n\t\t\t\t<\/div>\n\t\t\t\t<\/div>\n\t\t\t\t<div data-elementor-type=\"loop-item\" data-elementor-id=\"4692\" class=\"elementor elementor-4692 e-loop-item e-loop-item-5295 post-5295 post type-post status-publish format-standard has-post-thumbnail hentry category-materia tag-economia-azul tag-economia-do-mar tag-economia-nautica tag-experiencias-nauticas tag-ipva-para-barcos tag-setor-nautico tag-turismo-nautico\" data-elementor-post-type=\"elementor_library\" data-custom-edit-handle=\"1\">\n\t\t\t<div class=\"elementor-element elementor-element-a4011a2 e-flex e-con-boxed wpr-particle-no wpr-jarallax-no wpr-parallax-no wpr-sticky-section-no e-con e-parent\" data-id=\"a4011a2\" data-element_type=\"container\" data-e-type=\"container\">\n\t\t\t\t\t<div class=\"e-con-inner\">\n\t\t\t\t\t<\/div>\n\t\t\t\t<\/div>\n\t\t\t\t<\/div>\n\t\t\t\t<\/div>\n\t\t\n\t\t\t\t\t\t<\/div>\n\t\t\t\t<\/div>\n\t\t\t\t\t<\/div>\n\t\t\t\t<\/div>\n\t\t\t\t<\/div>\n\t\t","protected":false},"excerpt":{"rendered":"<p>Destaques Explorando as \u00c1guas: Um Guia Pelas Modalidades N\u00e1uticas Leia mais Desafios das \u00c1guas Cariocas: A Paix\u00e3o da Competi\u00e7\u00e3o N\u00e1utica Leia mais Celebra\u00e7\u00e3o em Terra e Mar: Shows e Eventos nas Regatas Leia mais Carregar mais Artigos e Not\u00edcias Explorando as \u00c1guas: Um Guia Pelas Modalidades N\u00e1uticas O universo das atividades n\u00e1uticas \u00e9 vasto e fascinante, oferecendo&#8230; Leia mais 07\/09\/2025 Desafios das \u00c1guas Cariocas: A Paix\u00e3o da Competi\u00e7\u00e3o N\u00e1utica Nas \u00e1guas que banham Nova Igua\u00e7u, onde o Sol beija&#8230; Leia mais 31\/08\/2025 Celebra\u00e7\u00e3o em Terra e Mar: Shows e Eventos nas Regatas Brasileiras As competi\u00e7\u00f5es n\u00e1uticas pelo Brasil, e especialmente em Nova Igua\u00e7u,&#8230; Leia mais 30\/08\/2025 Mares de Solidariedade: A\u00e7\u00e3o Social nas Regatas Brasileiras Nas vibrantes competi\u00e7\u00f5es n\u00e1uticas que sulcam as \u00e1guas do Brasil,&#8230; Leia mais 30\/08\/2025<\/p>\n","protected":false},"author":1,"featured_media":0,"parent":0,"menu_order":0,"comment_status":"closed","ping_status":"closed","template":"elementor_header_footer","meta":{"_acf_changed":false,"footnotes":""},"class_list":["post-295","page","type-page","status-publish","hentry"],"acf":[],"_hostinger_reach_plugin_has_subscription_block":false,"_hostinger_reach_plugin_is_elementor":false,"_links":{"self":[{"href":"https:\/\/circuitonautico.com\/index.php?rest_route=\/wp\/v2\/pages\/295","targetHints":{"allow":["GET"]}}],"collection":[{"href":"https:\/\/circuitonautico.com\/index.php?rest_route=\/wp\/v2\/pages"}],"about":[{"href":"https:\/\/circuitonautico.com\/index.php?rest_route=\/wp\/v2\/types\/page"}],"author":[{"embeddable":true,"href":"https:\/\/circuitonautico.com\/index.php?rest_route=\/wp\/v2\/users\/1"}],"replies":[{"embeddable":true,"href":"https:\/\/circuitonautico.com\/index.php?rest_route=%2Fwp%2Fv2%2Fcomments&post=295"}],"version-history":[{"count":122,"href":"https:\/\/circuitonautico.com\/index.php?rest_route=\/wp\/v2\/pages\/295\/revisions"}],"predecessor-version":[{"id":5709,"href":"https:\/\/circuitonautico.com\/index.php?rest_route=\/wp\/v2\/pages\/295\/revisions\/5709"}],"wp:attachment":[{"href":"https:\/\/circuitonautico.com\/index.php?rest_route=%2Fwp%2Fv2%2Fmedia&parent=295"}],"curies":[{"name":"wp","href":"https:\/\/api.w.org\/{rel}","templated":true}]}}