{"id":2702,"date":"2025-09-11T03:44:45","date_gmt":"2025-09-11T03:44:45","guid":{"rendered":"https:\/\/arteonlinehc.com.br\/semananauticapoa\/?page_id=2702"},"modified":"2026-01-04T15:58:53","modified_gmt":"2026-01-04T15:58:53","slug":"acoes-ambientais","status":"publish","type":"page","link":"https:\/\/circuitonautico.com\/?page_id=2702","title":{"rendered":"A\u00e7\u00f5es Ambientais"},"content":{"rendered":"\t\t<div data-elementor-type=\"wp-page\" data-elementor-id=\"2702\" class=\"elementor elementor-2702\" data-elementor-post-type=\"page\">\n\t\t\t\t<div class=\"elementor-element elementor-element-09f7efc animated-fast e-flex e-con-boxed wpr-particle-no wpr-jarallax-no wpr-parallax-no wpr-sticky-section-no elementor-invisible e-con e-parent\" data-id=\"09f7efc\" data-element_type=\"container\" data-e-type=\"container\" id=\"acoesambientaistopo\" data-settings=\"{&quot;background_background&quot;:&quot;classic&quot;,&quot;shape_divider_bottom&quot;:&quot;wave-brush&quot;,&quot;animation&quot;:&quot;fadeIn&quot;}\">\n\t\t\t\t\t<div class=\"e-con-inner\">\n\t\t\t\t<div class=\"elementor-shape elementor-shape-bottom\" aria-hidden=\"true\" data-negative=\"false\">\n\t\t\t<svg xmlns=\"http:\/\/www.w3.org\/2000\/svg\" viewBox=\"0 0 283.5 27.8\" preserveAspectRatio=\"none\">\n\t<path class=\"elementor-shape-fill\" d=\"M283.5,9.7c0,0-7.3,4.3-14,4.6c-6.8,0.3-12.6,0-20.9-1.5c-11.3-2-33.1-10.1-44.7-5.7\ts-12.1,4.6-18,7.4c-6.6,3.2-20,9.6-36.6,9.3C131.6,23.5,99.5,7.2,86.3,8c-1.4,0.1-6.6,0.8-10.5,2c-3.8,1.2-9.4,3.8-17,4.7\tc-3.2,0.4-8.3,1.1-14.2,0.9c-1.5-0.1-6.3-0.4-12-1.6c-5.7-1.2-11-3.1-15.8-3.7C6.5,9.2,0,10.8,0,10.8V0h283.5V9.7z M260.8,11.3\tc-0.7-1-2-0.4-4.3-0.4c-2.3,0-6.1-1.2-5.8-1.1c0.3,0.1,3.1,1.5,6,1.9C259.7,12.2,261.4,12.3,260.8,11.3z M242.4,8.6\tc0,0-2.4-0.2-5.6-0.9c-3.2-0.8-10.3-2.8-15.1-3.5c-8.2-1.1-15.8,0-15.1,0.1c0.8,0.1,9.6-0.6,17.6,1.1c3.3,0.7,9.3,2.2,12.4,2.7\tC239.9,8.7,242.4,8.6,242.4,8.6z M185.2,8.5c1.7-0.7-13.3,4.7-18.5,6.1c-2.1,0.6-6.2,1.6-10,2c-3.9,0.4-8.9,0.4-8.8,0.5\tc0,0.2,5.8,0.8,11.2,0c5.4-0.8,5.2-1.1,7.6-1.6C170.5,14.7,183.5,9.2,185.2,8.5z M199.1,6.9c0.2,0-0.8-0.4-4.8,1.1\tc-4,1.5-6.7,3.5-6.9,3.7c-0.2,0.1,3.5-1.8,6.6-3C197,7.5,199,6.9,199.1,6.9z M283,6c-0.1,0.1-1.9,1.1-4.8,2.5s-6.9,2.8-6.7,2.7\tc0.2,0,3.5-0.6,7.4-2.5C282.8,6.8,283.1,5.9,283,6z M31.3,11.6c0.1-0.2-1.9-0.2-4.5-1.2s-5.4-1.6-7.8-2C15,7.6,7.3,8.5,7.7,8.6\tC8,8.7,15.9,8.3,20.2,9.3c2.2,0.5,2.4,0.5,5.7,1.6S31.2,11.9,31.3,11.6z M73,9.2c0.4-0.1,3.5-1.6,8.4-2.6c4.9-1.1,8.9-0.5,8.9-0.8\tc0-0.3-1-0.9-6.2-0.3S72.6,9.3,73,9.2z M71.6,6.7C71.8,6.8,75,5.4,77.3,5c2.3-0.3,1.9-0.5,1.9-0.6c0-0.1-1.1-0.2-2.7,0.2\tC74.8,5.1,71.4,6.6,71.6,6.7z M93.6,4.4c0.1,0.2,3.5,0.8,5.6,1.8c2.1,1,1.8,0.6,1.9,0.5c0.1-0.1-0.8-0.8-2.4-1.3\tC97.1,4.8,93.5,4.2,93.6,4.4z M65.4,11.1c-0.1,0.3,0.3,0.5,1.9-0.2s2.6-1.3,2.2-1.2s-0.9,0.4-2.5,0.8C65.3,10.9,65.5,10.8,65.4,11.1\tz M34.5,12.4c-0.2,0,2.1,0.8,3.3,0.9c1.2,0.1,2,0.1,2-0.2c0-0.3-0.1-0.5-1.6-0.4C36.6,12.8,34.7,12.4,34.5,12.4z M152.2,21.1\tc-0.1,0.1-2.4-0.3-7.5-0.3c-5,0-13.6-2.4-17.2-3.5c-3.6-1.1,10,3.9,16.5,4.1C150.5,21.6,152.3,21,152.2,21.1z\"\/>\n\t<path class=\"elementor-shape-fill\" d=\"M269.6,18c-0.1-0.1-4.6,0.3-7.2,0c-7.3-0.7-17-3.2-16.6-2.9c0.4,0.3,13.7,3.1,17,3.3\tC267.7,18.8,269.7,18,269.6,18z\"\/>\n\t<path class=\"elementor-shape-fill\" d=\"M227.4,9.8c-0.2-0.1-4.5-1-9.5-1.2c-5-0.2-12.7,0.6-12.3,0.5c0.3-0.1,5.9-1.8,13.3-1.2\tS227.6,9.9,227.4,9.8z\"\/>\n\t<path class=\"elementor-shape-fill\" d=\"M204.5,13.4c-0.1-0.1,2-1,3.2-1.1c1.2-0.1,2,0,2,0.3c0,0.3-0.1,0.5-1.6,0.4\tC206.4,12.9,204.6,13.5,204.5,13.4z\"\/>\n\t<path class=\"elementor-shape-fill\" d=\"M201,10.6c0-0.1-4.4,1.2-6.3,2.2c-1.9,0.9-6.2,3.1-6.1,3.1c0.1,0.1,4.2-1.6,6.3-2.6\tS201,10.7,201,10.6z\"\/>\n\t<path class=\"elementor-shape-fill\" d=\"M154.5,26.7c-0.1-0.1-4.6,0.3-7.2,0c-7.3-0.7-17-3.2-16.6-2.9c0.4,0.3,13.7,3.1,17,3.3\tC152.6,27.5,154.6,26.8,154.5,26.7z\"\/>\n\t<path class=\"elementor-shape-fill\" d=\"M41.9,19.3c0,0,1.2-0.3,2.9-0.1c1.7,0.2,5.8,0.9,8.2,0.7c4.2-0.4,7.4-2.7,7-2.6\tc-0.4,0-4.3,2.2-8.6,1.9c-1.8-0.1-5.1-0.5-6.7-0.4S41.9,19.3,41.9,19.3z\"\/>\n\t<path class=\"elementor-shape-fill\" d=\"M75.5,12.6c0.2,0.1,2-0.8,4.3-1.1c2.3-0.2,2.1-0.3,2.1-0.5c0-0.1-1.8-0.4-3.4,0\tC76.9,11.5,75.3,12.5,75.5,12.6z\"\/>\n\t<path class=\"elementor-shape-fill\" d=\"M15.6,13.2c0-0.1,4.3,0,6.7,0.5c2.4,0.5,5,1.9,5,2c0,0.1-2.7-0.8-5.1-1.4\tC19.9,13.7,15.7,13.3,15.6,13.2z\"\/>\n<\/svg>\t\t<\/div>\n\t\t\t\t\t<\/div>\n\t\t\t\t<\/div>\n\t\t<div class=\"elementor-element elementor-element-6daab33 e-flex e-con-boxed wpr-particle-no wpr-jarallax-no wpr-parallax-no wpr-sticky-section-no e-con e-parent\" data-id=\"6daab33\" data-element_type=\"container\" data-e-type=\"container\">\n\t\t\t\t\t<div class=\"e-con-inner\">\n\t\t<div class=\"elementor-element elementor-element-c3aeeea e-grid e-con-boxed wpr-particle-no wpr-jarallax-no wpr-parallax-no wpr-sticky-section-no e-con e-child\" data-id=\"c3aeeea\" data-element_type=\"container\" data-e-type=\"container\">\n\t\t\t\t\t<div class=\"e-con-inner\">\n\t\t\t\t<div class=\"elementor-element elementor-element-6f3acd8 elementor-invisible elementor-widget elementor-widget-image-box\" data-id=\"6f3acd8\" data-element_type=\"widget\" data-e-type=\"widget\" data-settings=\"{&quot;_animation&quot;:&quot;fadeIn&quot;,&quot;_animation_delay&quot;:100}\" data-widget_type=\"image-box.default\">\n\t\t\t\t\t<div class=\"elementor-image-box-wrapper\"><div class=\"elementor-image-box-content\"><h3 class=\"elementor-image-box-title\">A\u00e7\u00f5es Ambientais<\/h3><p class=\"elementor-image-box-description\">O lixo \u00e9 responsabilidade de todos. Coloc\u00e1-lo para fora de casa n\u00e3o o faz desaparecer. O descarte inadequado e o manuseio equivocado por parte de catadores nas ruas levam res\u00edduos recicl\u00e1veis para bueiros, arroios, rios e lagos, se depositam nas praias e de l\u00e1, eles viajam diretamente para os oceanos.\n\n\u00c9 vergonhoso que seres humanos racionais adotem um comportamento t\u00e3o prejudicial ao meio ambiente. Mesmo assim, muitos ainda n\u00e3o se sensibilizam e, de forma desordenada, consumimos recursos equivalentes a 1,8 planetas Terra. Mas como isso \u00e9 poss\u00edvel, se temos apenas um?<\/p><\/div><\/div>\t\t\t\t<\/div>\n\t\t\t\t\t<\/div>\n\t\t\t\t<\/div>\n\t\t\t\t\t<\/div>\n\t\t\t\t<\/div>\n\t\t<div class=\"elementor-element elementor-element-24ffd64 e-flex e-con-boxed wpr-particle-no wpr-jarallax-no wpr-parallax-no wpr-sticky-section-no e-con e-parent\" data-id=\"24ffd64\" data-element_type=\"container\" data-e-type=\"container\" data-settings=\"{&quot;background_background&quot;:&quot;classic&quot;}\">\n\t\t\t\t\t<div class=\"e-con-inner\">\n\t\t\t\t<div class=\"elementor-element elementor-element-b5c0e75 elementor-widget-mobile__width-initial elementor-invisible elementor-widget elementor-widget-heading\" data-id=\"b5c0e75\" data-element_type=\"widget\" data-e-type=\"widget\" data-settings=\"{&quot;_animation&quot;:&quot;fadeIn&quot;,&quot;_animation_delay&quot;:100}\" data-widget_type=\"heading.default\">\n\t\t\t\t\t<h2 class=\"elementor-heading-title elementor-size-default\">Limpeza das praias, Campanha de conscientiza\u00e7\u00e3o<\/h2>\t\t\t\t<\/div>\n\t\t\t\t<div class=\"elementor-element elementor-element-8ca8580 elementor-invisible elementor-widget elementor-widget-heading\" data-id=\"8ca8580\" data-element_type=\"widget\" data-e-type=\"widget\" data-settings=\"{&quot;_animation&quot;:&quot;fadeIn&quot;,&quot;_animation_delay&quot;:200}\" data-widget_type=\"heading.default\">\n\t\t\t\t\t<h2 class=\"elementor-heading-title elementor-size-default\">\n<\/h2>\t\t\t\t<\/div>\n\t\t\t\t<div class=\"elementor-element elementor-element-8e7d620 elementor-widget elementor-widget-image\" data-id=\"8e7d620\" data-element_type=\"widget\" data-e-type=\"widget\" data-widget_type=\"image.default\">\n\t\t\t\t\t\t\t\t\t\t\t\t\t\t\t<img fetchpriority=\"high\" decoding=\"async\" width=\"800\" height=\"160\" src=\"https:\/\/circuitonautico.com\/wp-content\/uploads\/2026\/01\/Design-sem-nome-53-1024x205.png\" class=\"attachment-large size-large wp-image-6178\" alt=\"\" srcset=\"https:\/\/circuitonautico.com\/wp-content\/uploads\/2026\/01\/Design-sem-nome-53-1024x205.png 1024w, https:\/\/circuitonautico.com\/wp-content\/uploads\/2026\/01\/Design-sem-nome-53-300x60.png 300w, https:\/\/circuitonautico.com\/wp-content\/uploads\/2026\/01\/Design-sem-nome-53-768x154.png 768w, https:\/\/circuitonautico.com\/wp-content\/uploads\/2026\/01\/Design-sem-nome-53-1536x307.png 1536w, https:\/\/circuitonautico.com\/wp-content\/uploads\/2026\/01\/Design-sem-nome-53-2048x410.png 2048w\" sizes=\"(max-width: 800px) 100vw, 800px\" \/>\t\t\t\t\t\t\t\t\t\t\t\t\t\t\t<\/div>\n\t\t\t\t<div class=\"elementor-element elementor-element-147c4c1 elementor-widget elementor-widget-text-editor\" data-id=\"147c4c1\" data-element_type=\"widget\" data-e-type=\"widget\" data-widget_type=\"text-editor.default\">\n\t\t\t\t\t\t\t\t\t<p>Velejar \u00e9 um privil\u00e9gio que nos conecta a <strong>praias incr\u00edveis<\/strong>, muitas vezes inacess\u00edveis por terra. Mas, se os olhos n\u00e3o veem, o cora\u00e7\u00e3o n\u00e3o sente: essas paisagens recebem e acumulam <strong>lixo trazido pelos rios de todo o Estado<\/strong>. Com o vento e as ondas, ele \u00e9 depositado na areia, onde permanece.<\/p>\n<p>Em 2019, um grupo de velejadores se uniu para iniciar a\u00e7\u00f5es de limpeza de nossas praias, come\u00e7ando pela Fazenda Arado Velho. Em apenas um ter\u00e7o dos 1400m de extens\u00e3o, recolhemos mais de <strong>100 sacos de 100 litros de lixo,<\/strong> que por quest\u00f5es judiciais, teve que ser recolhido de recolhido por \u00e1gua. O <strong>Veleiros do Sul<\/strong>, gentilemente nos cedeu um barco para recolher o lixo no s\u00e1bado e no domingo<strong>!<\/strong><\/p>\n<p>O desejo de dar continuidade era enorme, mas o mau tempo e a pandemia acabaram desmobilizando o grupo.&nbsp;No entanto, a vontade de retomar nunca nos deixou. Agora, o <strong>Circuito N\u00e1utico de Porto Alegre<\/strong> \u00e9 o catalisador perfeito para essa mobiliza\u00e7\u00e3o! Queremos praias limpas e prazerosas, e teremos <strong>a\u00e7\u00f5es ambientais<\/strong> focadas em conscientiza\u00e7\u00e3o, limpeza e inova\u00e7\u00e3o.<\/p>\n<p>Contamos com o apoio fundamental da <strong>Trashin<\/strong>, startup que faz um trabalho exemplar na gest\u00e3o de res\u00edduos e log\u00edstica reversa. Ser\u00e3o muitas a\u00e7\u00f5es e voc\u00ea est\u00e1 convidado(a) a fazer parte! <img decoding=\"async\" class=\"emoji\" role=\"img\" draggable=\"false\" src=\"https:\/\/s.w.org\/images\/core\/emoji\/17.0.2\/svg\/267b.svg\" alt=\"\u267b\ufe0f\"><\/p>\n<p>E dentro do Circuito N\u00e1utico de Porto Alegre, no dia 13 de dezembro, \u00e0 partir das 8h30, no Trecho 1 da orla, ser\u00e1 realizada a A\u00e7\u00e3o de limpeza e conscientiza\u00e7\u00e3o ambiental em parceria com o DMLU e com a Trashin, contando com o patroc\u00ednio da Prefeitura de Porto Alegre, SETUR\/RS, CAIXA e Governo do Brasil.<\/p>\n<p>O trabalho de orienta\u00e7\u00e3o sobre o correto manuseio dos res\u00edduos, bem como do seu descarte, separando adequadamente recicl\u00e1veis (descartado para coleta em dias espec\u00edficos ou containers de recicl\u00e1veis) de org\u00e2nicos e rejeitos (descartados nos containers de org\u00e2nicos).<\/p>\n<p>O lixo (res\u00edduo) n\u00e3o deixa de existir quando o colocamos no lado de fora da porta da nossa casa e a responsabilidade \u00e9 de TODOS.<\/p>\n<p>Siga o <a href=\"https:\/\/www.instagram.com\/circuitonauticopoa\/\">Instagram do Circuito N\u00e1utico de Porto Alegre<\/a> e fique por dentro de como participar e contribuir!<\/p>\t\t\t\t\t\t\t\t<\/div>\n\t\t\t\t<div class=\"elementor-element elementor-element-dd199fc elementor-arrows-position-inside elementor-pagination-position-outside elementor-widget elementor-widget-image-carousel\" data-id=\"dd199fc\" data-element_type=\"widget\" data-e-type=\"widget\" data-settings=\"{&quot;image_spacing_custom&quot;:{&quot;unit&quot;:&quot;px&quot;,&quot;size&quot;:5,&quot;sizes&quot;:[]},&quot;navigation&quot;:&quot;both&quot;,&quot;autoplay&quot;:&quot;yes&quot;,&quot;pause_on_hover&quot;:&quot;yes&quot;,&quot;pause_on_interaction&quot;:&quot;yes&quot;,&quot;autoplay_speed&quot;:5000,&quot;infinite&quot;:&quot;yes&quot;,&quot;speed&quot;:500,&quot;image_spacing_custom_tablet&quot;:{&quot;unit&quot;:&quot;px&quot;,&quot;size&quot;:&quot;&quot;,&quot;sizes&quot;:[]},&quot;image_spacing_custom_mobile&quot;:{&quot;unit&quot;:&quot;px&quot;,&quot;size&quot;:&quot;&quot;,&quot;sizes&quot;:[]}}\" data-widget_type=\"image-carousel.default\">\n\t\t\t\t\t\t\t<div class=\"elementor-image-carousel-wrapper swiper\" role=\"region\" aria-roledescription=\"carousel\" aria-label=\"Carrossel de imagens\" dir=\"ltr\">\n\t\t\t<div class=\"elementor-image-carousel swiper-wrapper\" aria-live=\"off\">\n\t\t\t\t\t\t\t\t<div class=\"swiper-slide\" role=\"group\" aria-roledescription=\"slide\" aria-label=\"1 de 10\"><figure class=\"swiper-slide-inner\"><img decoding=\"async\" class=\"swiper-slide-image\" src=\"https:\/\/circuitonautico.com\/wp-content\/uploads\/2025\/10\/9.png\" alt=\"9\" \/><\/figure><\/div><div class=\"swiper-slide\" role=\"group\" aria-roledescription=\"slide\" aria-label=\"2 de 10\"><figure class=\"swiper-slide-inner\"><img decoding=\"async\" class=\"swiper-slide-image\" src=\"https:\/\/circuitonautico.com\/wp-content\/uploads\/2025\/10\/10.png\" alt=\"10\" \/><\/figure><\/div><div class=\"swiper-slide\" role=\"group\" aria-roledescription=\"slide\" aria-label=\"3 de 10\"><figure class=\"swiper-slide-inner\"><img decoding=\"async\" class=\"swiper-slide-image\" src=\"https:\/\/circuitonautico.com\/wp-content\/uploads\/2025\/10\/11.png\" alt=\"11\" \/><\/figure><\/div><div class=\"swiper-slide\" role=\"group\" aria-roledescription=\"slide\" aria-label=\"4 de 10\"><figure class=\"swiper-slide-inner\"><img decoding=\"async\" class=\"swiper-slide-image\" src=\"https:\/\/circuitonautico.com\/wp-content\/uploads\/2025\/10\/12.png\" alt=\"12\" \/><\/figure><\/div><div class=\"swiper-slide\" role=\"group\" aria-roledescription=\"slide\" aria-label=\"5 de 10\"><figure class=\"swiper-slide-inner\"><img decoding=\"async\" class=\"swiper-slide-image\" src=\"https:\/\/circuitonautico.com\/wp-content\/uploads\/2025\/10\/13.png\" alt=\"13\" \/><\/figure><\/div><div class=\"swiper-slide\" role=\"group\" aria-roledescription=\"slide\" aria-label=\"6 de 10\"><figure class=\"swiper-slide-inner\"><img decoding=\"async\" class=\"swiper-slide-image\" src=\"https:\/\/circuitonautico.com\/wp-content\/uploads\/2025\/10\/14.png\" alt=\"14\" \/><\/figure><\/div><div class=\"swiper-slide\" role=\"group\" aria-roledescription=\"slide\" aria-label=\"7 de 10\"><figure class=\"swiper-slide-inner\"><img decoding=\"async\" class=\"swiper-slide-image\" src=\"https:\/\/circuitonautico.com\/wp-content\/uploads\/2025\/10\/15.png\" alt=\"15\" \/><\/figure><\/div><div class=\"swiper-slide\" role=\"group\" aria-roledescription=\"slide\" aria-label=\"8 de 10\"><figure class=\"swiper-slide-inner\"><img decoding=\"async\" class=\"swiper-slide-image\" src=\"https:\/\/circuitonautico.com\/wp-content\/uploads\/2025\/10\/16.png\" alt=\"16\" \/><\/figure><\/div><div class=\"swiper-slide\" role=\"group\" aria-roledescription=\"slide\" aria-label=\"9 de 10\"><figure class=\"swiper-slide-inner\"><img decoding=\"async\" class=\"swiper-slide-image\" src=\"https:\/\/circuitonautico.com\/wp-content\/uploads\/2025\/10\/17.png\" alt=\"17\" \/><\/figure><\/div><div class=\"swiper-slide\" role=\"group\" aria-roledescription=\"slide\" aria-label=\"10 de 10\"><figure class=\"swiper-slide-inner\"><img decoding=\"async\" class=\"swiper-slide-image\" src=\"https:\/\/circuitonautico.com\/wp-content\/uploads\/2025\/10\/18.png\" alt=\"18\" \/><\/figure><\/div>\t\t\t<\/div>\n\t\t\t\t\t\t\t\t\t\t\t\t<div class=\"elementor-swiper-button elementor-swiper-button-prev\" role=\"button\" tabindex=\"0\">\n\t\t\t\t\t\t<svg aria-hidden=\"true\" class=\"e-font-icon-svg e-eicon-chevron-left\" viewBox=\"0 0 1000 1000\" xmlns=\"http:\/\/www.w3.org\/2000\/svg\"><path d=\"M646 125C629 125 613 133 604 142L308 442C296 454 292 471 292 487 292 504 296 521 308 533L604 854C617 867 629 875 646 875 663 875 679 871 692 858 704 846 713 829 713 812 713 796 708 779 692 767L438 487 692 225C700 217 708 204 708 187 708 171 704 154 692 142 675 129 663 125 646 125Z\"><\/path><\/svg>\t\t\t\t\t<\/div>\n\t\t\t\t\t<div class=\"elementor-swiper-button elementor-swiper-button-next\" role=\"button\" tabindex=\"0\">\n\t\t\t\t\t\t<svg aria-hidden=\"true\" class=\"e-font-icon-svg e-eicon-chevron-right\" viewBox=\"0 0 1000 1000\" xmlns=\"http:\/\/www.w3.org\/2000\/svg\"><path d=\"M696 533C708 521 713 504 713 487 713 471 708 454 696 446L400 146C388 133 375 125 354 125 338 125 325 129 313 142 300 154 292 171 292 187 292 204 296 221 308 233L563 492 304 771C292 783 288 800 288 817 288 833 296 850 308 863 321 871 338 875 354 875 371 875 388 867 400 854L696 533Z\"><\/path><\/svg>\t\t\t\t\t<\/div>\n\t\t\t\t\n\t\t\t\t\t\t\t\t\t<div class=\"swiper-pagination\"><\/div>\n\t\t\t\t\t\t\t\t\t<\/div>\n\t\t\t\t\t\t<\/div>\n\t\t<div class=\"elementor-element elementor-element-33b780c e-grid e-con-full wpr-particle-no wpr-jarallax-no wpr-parallax-no wpr-sticky-section-no e-con e-child\" data-id=\"33b780c\" data-element_type=\"container\" data-e-type=\"container\">\n\t\t\t\t<div class=\"elementor-element elementor-element-d8939e6 elementor-align-justify elementor-tablet-align-left elementor-mobile-align-center elementor-invisible elementor-widget elementor-widget-button\" data-id=\"d8939e6\" data-element_type=\"widget\" data-e-type=\"widget\" data-settings=\"{&quot;_animation&quot;:&quot;fadeIn&quot;}\" data-widget_type=\"button.default\">\n\t\t\t\t\t\t\t\t\t\t<a class=\"elementor-button elementor-button-link elementor-size-sm elementor-animation-shrink\" href=\"https:\/\/circuitonautico.com\/galeria\/\">\n\t\t\t\t\t\t<span class=\"elementor-button-content-wrapper\">\n\t\t\t\t\t\t\t\t\t<span class=\"elementor-button-text\">Ver Galeria Completa<\/span>\n\t\t\t\t\t<\/span>\n\t\t\t\t\t<\/a>\n\t\t\t\t\t\t\t\t<\/div>\n\t\t\t\t<div class=\"elementor-element elementor-element-ea2cc20 elementor-align-justify elementor-tablet-align-left elementor-mobile-align-center elementor-invisible elementor-widget elementor-widget-button\" data-id=\"ea2cc20\" data-element_type=\"widget\" data-e-type=\"widget\" data-settings=\"{&quot;_animation&quot;:&quot;fadeIn&quot;,&quot;_animation_delay&quot;:100}\" data-widget_type=\"button.default\">\n\t\t\t\t\t\t\t\t\t\t<a class=\"elementor-button elementor-button-link elementor-size-sm elementor-animation-shrink\" href=\"https:\/\/circuitonautico.com\/eventos-sociais\/\">\n\t\t\t\t\t\t<span class=\"elementor-button-content-wrapper\">\n\t\t\t\t\t\t\t\t\t<span class=\"elementor-button-text\">Ver Agenda Completa<\/span>\n\t\t\t\t\t<\/span>\n\t\t\t\t\t<\/a>\n\t\t\t\t\t\t\t\t<\/div>\n\t\t\t\t<div class=\"elementor-element elementor-element-65c340a elementor-align-justify elementor-tablet-align-left elementor-mobile-align-center elementor-invisible elementor-widget elementor-widget-button\" data-id=\"65c340a\" data-element_type=\"widget\" data-e-type=\"widget\" data-settings=\"{&quot;_animation&quot;:&quot;fadeIn&quot;,&quot;_animation_delay&quot;:200}\" data-widget_type=\"button.default\">\n\t\t\t\t\t\t\t\t\t\t<a class=\"elementor-button elementor-button-link elementor-size-sm elementor-animation-shrink\" href=\"#topodapagina\">\n\t\t\t\t\t\t<span class=\"elementor-button-content-wrapper\">\n\t\t\t\t\t\t<span class=\"elementor-button-icon\">\n\t\t\t\t<svg aria-hidden=\"true\" class=\"e-font-icon-svg e-fas-angle-up\" viewBox=\"0 0 320 512\" xmlns=\"http:\/\/www.w3.org\/2000\/svg\"><path d=\"M177 159.7l136 136c9.4 9.4 9.4 24.6 0 33.9l-22.6 22.6c-9.4 9.4-24.6 9.4-33.9 0L160 255.9l-96.4 96.4c-9.4 9.4-24.6 9.4-33.9 0L7 329.7c-9.4-9.4-9.4-24.6 0-33.9l136-136c9.4-9.5 24.6-9.5 34-.1z\"><\/path><\/svg>\t\t\t<\/span>\n\t\t\t\t\t\t\t\t\t<span class=\"elementor-button-text\">Voltar ao topo<\/span>\n\t\t\t\t\t<\/span>\n\t\t\t\t\t<\/a>\n\t\t\t\t\t\t\t\t<\/div>\n\t\t\t\t<\/div>\n\t\t\t\t\t<\/div>\n\t\t\t\t<\/div>\n\t\t\t\t<\/div>\n\t\t","protected":false},"excerpt":{"rendered":"<p>A\u00e7\u00f5es Ambientais O lixo \u00e9 responsabilidade de todos. Coloc\u00e1-lo para fora de casa n\u00e3o o faz desaparecer. O descarte inadequado e o manuseio equivocado por parte de catadores nas ruas levam res\u00edduos recicl\u00e1veis para bueiros, arroios, rios e lagos, se depositam nas praias e de l\u00e1, eles viajam diretamente para os oceanos. \u00c9 vergonhoso que seres humanos racionais adotem um comportamento t\u00e3o prejudicial ao meio ambiente. Mesmo assim, muitos ainda n\u00e3o se sensibilizam e, de forma desordenada, consumimos recursos equivalentes a 1,8 planetas Terra. Mas como isso \u00e9 poss\u00edvel, se temos apenas um? Limpeza das praias, Campanha de conscientiza\u00e7\u00e3o Velejar \u00e9 um privil\u00e9gio que nos conecta a praias incr\u00edveis, muitas vezes inacess\u00edveis por terra. Mas, se os olhos n\u00e3o veem, o cora\u00e7\u00e3o n\u00e3o sente: essas paisagens recebem e acumulam lixo trazido pelos rios de todo o Estado. Com o vento e as ondas, ele \u00e9 depositado na areia, onde permanece. Em 2019, um grupo de velejadores se uniu para iniciar a\u00e7\u00f5es de limpeza de nossas praias, come\u00e7ando pela Fazenda Arado Velho. Em apenas um ter\u00e7o dos 1400m de extens\u00e3o, recolhemos mais de 100 sacos de 100 litros de lixo, que por quest\u00f5es judiciais, teve que ser recolhido de recolhido por \u00e1gua. O Veleiros do Sul, gentilemente nos cedeu um barco para recolher o lixo no s\u00e1bado e no domingo! O desejo de dar continuidade era enorme, mas o mau tempo e a pandemia acabaram desmobilizando o grupo.&nbsp;No entanto, a vontade de retomar nunca nos deixou. Agora, o Circuito N\u00e1utico de Porto Alegre \u00e9 o catalisador perfeito para essa mobiliza\u00e7\u00e3o! Queremos praias limpas e prazerosas, e teremos a\u00e7\u00f5es ambientais focadas em conscientiza\u00e7\u00e3o, limpeza e inova\u00e7\u00e3o. Contamos com o apoio fundamental da Trashin, startup que faz um trabalho exemplar na gest\u00e3o de res\u00edduos e log\u00edstica reversa. Ser\u00e3o muitas a\u00e7\u00f5es e voc\u00ea est\u00e1 convidado(a) a fazer parte! E dentro do Circuito N\u00e1utico de Porto Alegre, no dia 13 de dezembro, \u00e0 partir das 8h30, no Trecho 1 da orla, ser\u00e1 realizada a A\u00e7\u00e3o de limpeza e conscientiza\u00e7\u00e3o ambiental em parceria com o DMLU e com a Trashin, contando com o patroc\u00ednio da Prefeitura de Porto Alegre, SETUR\/RS, CAIXA e Governo do Brasil. O trabalho de orienta\u00e7\u00e3o sobre o correto manuseio dos res\u00edduos, bem como do seu descarte, separando adequadamente recicl\u00e1veis (descartado para coleta em dias espec\u00edficos ou containers de recicl\u00e1veis) de org\u00e2nicos e rejeitos (descartados nos containers de org\u00e2nicos). O lixo (res\u00edduo) n\u00e3o deixa de existir quando o colocamos no lado de fora da porta da nossa casa e a responsabilidade \u00e9 de TODOS. Siga o Instagram do Circuito N\u00e1utico de Porto Alegre e fique por dentro de como participar e contribuir! Ver Galeria Completa Ver Agenda Completa Voltar ao topo<\/p>\n","protected":false},"author":1,"featured_media":0,"parent":0,"menu_order":0,"comment_status":"closed","ping_status":"closed","template":"elementor_header_footer","meta":{"_acf_changed":false,"footnotes":""},"class_list":["post-2702","page","type-page","status-publish","hentry"],"acf":[],"_hostinger_reach_plugin_has_subscription_block":false,"_hostinger_reach_plugin_is_elementor":false,"_links":{"self":[{"href":"https:\/\/circuitonautico.com\/index.php?rest_route=\/wp\/v2\/pages\/2702","targetHints":{"allow":["GET"]}}],"collection":[{"href":"https:\/\/circuitonautico.com\/index.php?rest_route=\/wp\/v2\/pages"}],"about":[{"href":"https:\/\/circuitonautico.com\/index.php?rest_route=\/wp\/v2\/types\/page"}],"author":[{"embeddable":true,"href":"https:\/\/circuitonautico.com\/index.php?rest_route=\/wp\/v2\/users\/1"}],"replies":[{"embeddable":true,"href":"https:\/\/circuitonautico.com\/index.php?rest_route=%2Fwp%2Fv2%2Fcomments&post=2702"}],"version-history":[{"count":55,"href":"https:\/\/circuitonautico.com\/index.php?rest_route=\/wp\/v2\/pages\/2702\/revisions"}],"predecessor-version":[{"id":6188,"href":"https:\/\/circuitonautico.com\/index.php?rest_route=\/wp\/v2\/pages\/2702\/revisions\/6188"}],"wp:attachment":[{"href":"https:\/\/circuitonautico.com\/index.php?rest_route=%2Fwp%2Fv2%2Fmedia&parent=2702"}],"curies":[{"name":"wp","href":"https:\/\/api.w.org\/{rel}","templated":true}]}}