{"id":1741,"date":"2025-09-07T04:58:29","date_gmt":"2025-09-07T04:58:29","guid":{"rendered":"https:\/\/arteonlinehc.com.br\/semananauticapoa\/?page_id=1741"},"modified":"2025-10-16T00:08:43","modified_gmt":"2025-10-16T00:08:43","slug":"sobre-nos","status":"publish","type":"page","link":"https:\/\/circuitonautico.com\/?page_id=1741","title":{"rendered":"Sobre N\u00f3s"},"content":{"rendered":"\t\t<div data-elementor-type=\"wp-page\" data-elementor-id=\"1741\" class=\"elementor elementor-1741\" data-elementor-post-type=\"page\">\n\t\t\t\t<div class=\"elementor-element elementor-element-1f51c77 e-flex e-con-boxed wpr-particle-no wpr-jarallax-no wpr-parallax-no wpr-sticky-section-no e-con e-parent\" data-id=\"1f51c77\" data-element_type=\"container\" data-e-type=\"container\">\n\t\t\t\t\t<div class=\"e-con-inner\">\n\t\t<div class=\"elementor-element elementor-element-ff69d41 e-grid e-con-boxed wpr-particle-no wpr-jarallax-no wpr-parallax-no wpr-sticky-section-no e-con e-child\" data-id=\"ff69d41\" data-element_type=\"container\" data-e-type=\"container\">\n\t\t\t\t\t<div class=\"e-con-inner\">\n\t\t\t\t<div class=\"elementor-element elementor-element-6b2f171 elementor-invisible elementor-widget elementor-widget-image-box\" data-id=\"6b2f171\" data-element_type=\"widget\" data-e-type=\"widget\" data-settings=\"{&quot;_animation&quot;:&quot;fadeIn&quot;,&quot;_animation_delay&quot;:100}\" data-widget_type=\"image-box.default\">\n\t\t\t\t\t<div class=\"elementor-image-box-wrapper\"><div class=\"elementor-image-box-content\"><h3 class=\"elementor-image-box-title\">Sobre o Evento<\/h3><p class=\"elementor-image-box-description\">O Circuito N\u00e1utico conecta porto-alegrenses e turistas ao Gua\u00edba e a todos os seus atores \u2014 clubes, marinas, comunidade e parceiros \u2014 em um movimento de retomada.\nAo longo de dezembro, experi\u00eancias vivas: esportes n\u00e1uticos, passeios e encontros que revelam novos \u00e2ngulos da cidade.\nCom a\u00e7\u00f5es sociais e ambientais, cultura e neg\u00f3cios, o Gua\u00edba vira palco para sentir Porto Alegre de perto \u2014 com prop\u00f3sito e pertencimento.<\/p><\/div><\/div>\t\t\t\t<\/div>\n\t\t\t\t\t<\/div>\n\t\t\t\t<\/div>\n\t\t\t\t\t<\/div>\n\t\t\t\t<\/div>\n\t\t<div class=\"elementor-element elementor-element-7331e4b e-flex e-con-boxed wpr-particle-no wpr-jarallax-no wpr-parallax-no wpr-sticky-section-no e-con e-parent\" data-id=\"7331e4b\" data-element_type=\"container\" data-e-type=\"container\" data-settings=\"{&quot;background_background&quot;:&quot;classic&quot;}\">\n\t\t\t\t\t<div class=\"e-con-inner\">\n\t\t<div class=\"elementor-element elementor-element-2c98c6f e-grid e-con-boxed wpr-particle-no wpr-jarallax-no wpr-parallax-no wpr-sticky-section-no e-con e-child\" data-id=\"2c98c6f\" data-element_type=\"container\" data-e-type=\"container\">\n\t\t\t\t\t<div class=\"e-con-inner\">\n\t\t\t\t<div class=\"elementor-element elementor-element-e946e16 elementor-widget__width-initial elementor-widget elementor-widget-heading\" data-id=\"e946e16\" data-element_type=\"widget\" data-e-type=\"widget\" data-settings=\"{&quot;_animation&quot;:&quot;none&quot;}\" data-widget_type=\"heading.default\">\n\t\t\t\t\t<h2 class=\"elementor-heading-title elementor-size-default\">Miss\u00e3o<\/h2>\t\t\t\t<\/div>\n\t\t\t\t<div class=\"elementor-element elementor-element-d9ef7dc elementor-widget__width-initial elementor-widget elementor-widget-heading\" data-id=\"d9ef7dc\" data-element_type=\"widget\" data-e-type=\"widget\" data-widget_type=\"heading.default\">\n\t\t\t\t\t<h2 class=\"elementor-heading-title elementor-size-default\">Conectar porto-alegrenses e turistas ao Gua\u00edba por meio de experi\u00eancias n\u00e1uticas, culturais e de impacto social, impulsionando o turismo, os esportes n\u00e1uticos, clubes e escolas, a economia local e a inclus\u00e3o, em um evento pautado da colabora\u00e7\u00e3o e na coopera\u00e7\u00e3o.<\/h2>\t\t\t\t<\/div>\n\t\t\t\t\t<\/div>\n\t\t\t\t<\/div>\n\t\t<div class=\"elementor-element elementor-element-4ecee9c e-grid e-con-full wpr-particle-no wpr-jarallax-no wpr-parallax-no wpr-sticky-section-no e-con e-child\" data-id=\"4ecee9c\" data-element_type=\"container\" data-e-type=\"container\">\n\t\t\t\t<div class=\"elementor-element elementor-element-734cdee elementor-widget__width-initial elementor-widget elementor-widget-heading\" data-id=\"734cdee\" data-element_type=\"widget\" data-e-type=\"widget\" data-settings=\"{&quot;_animation&quot;:&quot;none&quot;}\" data-widget_type=\"heading.default\">\n\t\t\t\t\t<h2 class=\"elementor-heading-title elementor-size-default\">Vis\u00e3o<\/h2>\t\t\t\t<\/div>\n\t\t\t\t<div class=\"elementor-element elementor-element-14c6905 elementor-widget__width-initial elementor-widget elementor-widget-heading\" data-id=\"14c6905\" data-element_type=\"widget\" data-e-type=\"widget\" data-widget_type=\"heading.default\">\n\t\t\t\t\t<h2 class=\"elementor-heading-title elementor-size-default\">Tornar o Circuito uma refer\u00eancia anual do calend\u00e1rio do RS, revelando \u201cnovos \u00e2ngulos da cidade\u201d e consolidando Porto Alegre como polo n\u00e1utico \u2014 onde tradi\u00e7\u00e3o, inova\u00e7\u00e3o e governan\u00e7a setorial constroem o futuro n\u00e1utico com legado socioambiental.<\/h2>\t\t\t\t<\/div>\n\t\t\t\t<\/div>\n\t\t\t\t\t<\/div>\n\t\t\t\t<\/div>\n\t\t<div class=\"elementor-element elementor-element-09fa0bf e-flex e-con-boxed wpr-particle-no wpr-jarallax-no wpr-parallax-no wpr-sticky-section-no e-con e-parent\" data-id=\"09fa0bf\" data-element_type=\"container\" data-e-type=\"container\">\n\t\t\t\t\t<div class=\"e-con-inner\">\n\t\t<div class=\"elementor-element elementor-element-45945f7 e-grid e-con-boxed wpr-particle-no wpr-jarallax-no wpr-parallax-no wpr-sticky-section-no e-con e-child\" data-id=\"45945f7\" data-element_type=\"container\" data-e-type=\"container\">\n\t\t\t\t\t<div class=\"e-con-inner\">\n\t\t\t\t<div class=\"elementor-element elementor-element-dbb1cd2 elementor-widget__width-initial elementor-widget elementor-widget-heading\" data-id=\"dbb1cd2\" data-element_type=\"widget\" data-e-type=\"widget\" data-settings=\"{&quot;_animation&quot;:&quot;none&quot;}\" data-widget_type=\"heading.default\">\n\t\t\t\t\t<h2 class=\"elementor-heading-title elementor-size-default\">Hist\u00f3ria<\/h2>\t\t\t\t<\/div>\n\t\t\t\t<div class=\"elementor-element elementor-element-0f48c32 elementor-widget__width-initial elementor-widget elementor-widget-heading\" data-id=\"0f48c32\" data-element_type=\"widget\" data-e-type=\"widget\" data-widget_type=\"heading.default\">\n\t\t\t\t\t<h2 class=\"elementor-heading-title elementor-size-default\">Ra\u00edzes N\u00e1uticas em Porto Alegre: O Legado do Gua\u00edba<\/h2>\t\t\t\t<\/div>\n\t\t\t\t<div class=\"elementor-element elementor-element-77c5c14 elementor-widget__width-initial elementor-widget elementor-widget-heading\" data-id=\"77c5c14\" data-element_type=\"widget\" data-e-type=\"widget\" data-widget_type=\"heading.default\">\n\t\t\t\t\t<h2 class=\"elementor-heading-title elementor-size-default\">Porto Alegre, historicamente, se ergueu com o olhar voltado para as \u00e1guas do Gua\u00edba. Desde os primeiros tempos de coloniza\u00e7\u00e3o, o lago foi o principal motor de desenvolvimento, servindo como porta de entrada e via de escoamento para o com\u00e9rcio e a ind\u00fastria. Essa depend\u00eancia das \u00e1guas moldou a identidade da cidade, fazendo com que a cultura n\u00e1utica se enraizasse profundamente em seu DNA. Clubes tradicionais e a efervesc\u00eancia de esportes como a vela, o remo e o caiaque n\u00e3o s\u00e3o apenas passatempos, mas uma heran\u00e7a viva que conecta a capital ga\u00facha ao seu passado e a projeta para um futuro onde o Gua\u00edba continua sendo o seu maior protagonista.\n\nHoje, a import\u00e2ncia de Porto Alegre para o cen\u00e1rio n\u00e1utico brasileiro \u00e9 inquestion\u00e1vel. Com uma das maiores e mais ativas comunidades de velejadores do pa\u00eds, a cidade sedia competi\u00e7\u00f5es de renome e forma atletas que se destacam em n\u00edvel nacional e internacional. O Gua\u00edba, com suas dimens\u00f5es e condi\u00e7\u00f5es \u00fanicas, oferece um cen\u00e1rio perfeito para a pr\u00e1tica de esportes aqu\u00e1ticos, e a paix\u00e3o dos porto-alegrenses pelo Gua\u00edba garante que esse legado continue a florescer. A cidade n\u00e3o apenas honra sua hist\u00f3ria, mas a utiliza como base para construir um futuro onde o esporte n\u00e1utico seja uma ferramenta de desenvolvimento social, tur\u00edstico e econ\u00f4mico, refor\u00e7ando sua posi\u00e7\u00e3o como um hub n\u00e1utico de destaque no Brasil.<\/h2>\t\t\t\t<\/div>\n\t\t\t\t\t<\/div>\n\t\t\t\t<\/div>\n\t\t\t\t\t<\/div>\n\t\t\t\t<\/div>\n\t\t<div class=\"elementor-element elementor-element-33537cf e-flex e-con-boxed wpr-particle-no wpr-jarallax-no wpr-parallax-no wpr-sticky-section-no e-con e-parent\" data-id=\"33537cf\" data-element_type=\"container\" data-e-type=\"container\" data-settings=\"{&quot;background_background&quot;:&quot;classic&quot;}\">\n\t\t\t\t\t<div class=\"e-con-inner\">\n\t\t<div class=\"elementor-element elementor-element-74a7baf e-grid e-con-boxed wpr-particle-no wpr-jarallax-no wpr-parallax-no wpr-sticky-section-no e-con e-child\" data-id=\"74a7baf\" data-element_type=\"container\" data-e-type=\"container\">\n\t\t\t\t\t<div class=\"e-con-inner\">\n\t\t\t\t<div class=\"elementor-element elementor-element-d559f32 elementor-widget__width-initial elementor-widget elementor-widget-heading\" data-id=\"d559f32\" data-element_type=\"widget\" data-e-type=\"widget\" data-settings=\"{&quot;_animation&quot;:&quot;none&quot;}\" data-widget_type=\"heading.default\">\n\t\t\t\t\t<h2 class=\"elementor-heading-title elementor-size-default\">Organiza\u00e7\u00e3o e Apoio Institucional<\/h2>\t\t\t\t<\/div>\n\t\t\t\t<div class=\"elementor-element elementor-element-f5cd84a elementor-widget__width-initial elementor-widget elementor-widget-heading\" data-id=\"f5cd84a\" data-element_type=\"widget\" data-e-type=\"widget\" data-widget_type=\"heading.default\">\n\t\t\t\t\t<h2 class=\"elementor-heading-title elementor-size-default\">For\u00e7a e Coopera\u00e7\u00e3o: A Organiza\u00e7\u00e3o da Semana N\u00e1utica em Porto Alegre<\/h2>\t\t\t\t<\/div>\n\t\t\t\t<div class=\"elementor-element elementor-element-60d4628 elementor-widget__width-initial elementor-widget elementor-widget-heading\" data-id=\"60d4628\" data-element_type=\"widget\" data-e-type=\"widget\" data-widget_type=\"heading.default\">\n\t\t\t\t\t<h2 class=\"elementor-heading-title elementor-size-default\">O sucesso do Circuito N\u00e1utico de Porto Alegre est\u00e1 alicer\u00e7ado na s\u00f3lida colabora\u00e7\u00e3o entre diversos pilares do ecossistema n\u00e1utico local. A NautiX Hub, como organizadora, atua como o motor que planeja e articula cada detalhe com os realizadores, garantindo que o evento seja uma experi\u00eancia memor\u00e1vel. Ao seu lado, os tradicionais Clubes N\u00e1uticos, entidades e federa\u00e7\u00f5es desempenham um papel vital, n\u00e3o apenas cedendo seus espa\u00e7os e expertise, mas tamb\u00e9m incentivando seus atletas e membros a participar ativamente, transformando a competi\u00e7\u00e3o em uma grande festa da fam\u00edlia n\u00e1utica.\n\nEssa rede de apoio se estende a importantes parceiros institucionais, como a Marinha do Brasil, que assegura a seguran\u00e7a e a ordem nas \u00e1guas, e outras institui\u00e7\u00f5es que refor\u00e7am a legitimidade e a import\u00e2ncia do evento. A uni\u00e3o desses atores, p\u00fablicos e privados, demonstra o poder da coopera\u00e7\u00e3o para o alcance de um objetivo comum. \u00c9 a sinergia entre a paix\u00e3o dos clubes, a expertise da organiza\u00e7\u00e3o e o apoio institucional que consolida o Circuito N\u00e1utico como um evento de destaque, celebrando a paix\u00e3o pelo Gua\u00edba e o desenvolvimento da nossa cidade, transformando-a em um importante polo n\u00e1utico.<\/h2>\t\t\t\t<\/div>\n\t\t\t\t\t<\/div>\n\t\t\t\t<\/div>\n\t\t\t\t\t<\/div>\n\t\t\t\t<\/div>\n\t\t<div class=\"elementor-element elementor-element-4ae311e e-flex e-con-boxed wpr-particle-no wpr-jarallax-no wpr-parallax-no wpr-sticky-section-no e-con e-parent\" data-id=\"4ae311e\" data-element_type=\"container\" data-e-type=\"container\">\n\t\t\t\t\t<div class=\"e-con-inner\">\n\t\t\t\t<div class=\"elementor-element elementor-element-e6226d2 elementor-align-justify elementor-tablet-align-center elementor-mobile-align-center elementor-widget elementor-widget-button\" data-id=\"e6226d2\" data-element_type=\"widget\" data-e-type=\"widget\" data-widget_type=\"button.default\">\n\t\t\t\t\t\t\t\t\t\t<a class=\"elementor-button elementor-button-link elementor-size-sm elementor-animation-shrink\" href=\"#\">\n\t\t\t\t\t\t<span class=\"elementor-button-content-wrapper\">\n\t\t\t\t\t\t<span class=\"elementor-button-icon\">\n\t\t\t\t<svg aria-hidden=\"true\" class=\"e-font-icon-svg e-fas-angle-up\" viewBox=\"0 0 320 512\" xmlns=\"http:\/\/www.w3.org\/2000\/svg\"><path d=\"M177 159.7l136 136c9.4 9.4 9.4 24.6 0 33.9l-22.6 22.6c-9.4 9.4-24.6 9.4-33.9 0L160 255.9l-96.4 96.4c-9.4 9.4-24.6 9.4-33.9 0L7 329.7c-9.4-9.4-9.4-24.6 0-33.9l136-136c9.4-9.5 24.6-9.5 34-.1z\"><\/path><\/svg>\t\t\t<\/span>\n\t\t\t\t\t\t\t\t\t<span class=\"elementor-button-text\">Voltar ao topo<\/span>\n\t\t\t\t\t<\/span>\n\t\t\t\t\t<\/a>\n\t\t\t\t\t\t\t\t<\/div>\n\t\t\t\t\t<\/div>\n\t\t\t\t<\/div>\n\t\t\t\t<\/div>\n\t\t","protected":false},"excerpt":{"rendered":"<p>Sobre o Evento O Circuito N\u00e1utico conecta porto-alegrenses e turistas ao Gua\u00edba e a todos os seus atores \u2014 clubes, marinas, comunidade e parceiros \u2014 em um movimento de retomada. Ao longo de dezembro, experi\u00eancias vivas: esportes n\u00e1uticos, passeios e encontros que revelam novos \u00e2ngulos da cidade. Com a\u00e7\u00f5es sociais e ambientais, cultura e neg\u00f3cios, o Gua\u00edba vira palco para sentir Porto Alegre de perto \u2014 com prop\u00f3sito e pertencimento. Miss\u00e3o Conectar porto-alegrenses e turistas ao Gua\u00edba por meio de experi\u00eancias n\u00e1uticas, culturais e de impacto social, impulsionando o turismo, os esportes n\u00e1uticos, clubes e escolas, a economia local e a inclus\u00e3o, em um evento pautado da colabora\u00e7\u00e3o e na coopera\u00e7\u00e3o. Vis\u00e3o Tornar o Circuito uma refer\u00eancia anual do calend\u00e1rio do RS, revelando \u201cnovos \u00e2ngulos da cidade\u201d e consolidando Porto Alegre como polo n\u00e1utico \u2014 onde tradi\u00e7\u00e3o, inova\u00e7\u00e3o e governan\u00e7a setorial constroem o futuro n\u00e1utico com legado socioambiental. Hist\u00f3ria Ra\u00edzes N\u00e1uticas em Porto Alegre: O Legado do Gua\u00edba Porto Alegre, historicamente, se ergueu com o olhar voltado para as \u00e1guas do Gua\u00edba. Desde os primeiros tempos de coloniza\u00e7\u00e3o, o lago foi o principal motor de desenvolvimento, servindo como porta de entrada e via de escoamento para o com\u00e9rcio e a ind\u00fastria. Essa depend\u00eancia das \u00e1guas moldou a identidade da cidade, fazendo com que a cultura n\u00e1utica se enraizasse profundamente em seu DNA. Clubes tradicionais e a efervesc\u00eancia de esportes como a vela, o remo e o caiaque n\u00e3o s\u00e3o apenas passatempos, mas uma heran\u00e7a viva que conecta a capital ga\u00facha ao seu passado e a projeta para um futuro onde o Gua\u00edba continua sendo o seu maior protagonista. Hoje, a import\u00e2ncia de Porto Alegre para o cen\u00e1rio n\u00e1utico brasileiro \u00e9 inquestion\u00e1vel. Com uma das maiores e mais ativas comunidades de velejadores do pa\u00eds, a cidade sedia competi\u00e7\u00f5es de renome e forma atletas que se destacam em n\u00edvel nacional e internacional. O Gua\u00edba, com suas dimens\u00f5es e condi\u00e7\u00f5es \u00fanicas, oferece um cen\u00e1rio perfeito para a pr\u00e1tica de esportes aqu\u00e1ticos, e a paix\u00e3o dos porto-alegrenses pelo Gua\u00edba garante que esse legado continue a florescer. A cidade n\u00e3o apenas honra sua hist\u00f3ria, mas a utiliza como base para construir um futuro onde o esporte n\u00e1utico seja uma ferramenta de desenvolvimento social, tur\u00edstico e econ\u00f4mico, refor\u00e7ando sua posi\u00e7\u00e3o como um hub n\u00e1utico de destaque no Brasil. Organiza\u00e7\u00e3o e Apoio Institucional For\u00e7a e Coopera\u00e7\u00e3o: A Organiza\u00e7\u00e3o da Semana N\u00e1utica em Porto Alegre O sucesso do Circuito N\u00e1utico de Porto Alegre est\u00e1 alicer\u00e7ado na s\u00f3lida colabora\u00e7\u00e3o entre diversos pilares do ecossistema n\u00e1utico local. A NautiX Hub, como organizadora, atua como o motor que planeja e articula cada detalhe com os realizadores, garantindo que o evento seja uma experi\u00eancia memor\u00e1vel. Ao seu lado, os tradicionais Clubes N\u00e1uticos, entidades e federa\u00e7\u00f5es desempenham um papel vital, n\u00e3o apenas cedendo seus espa\u00e7os e expertise, mas tamb\u00e9m incentivando seus atletas e membros a participar ativamente, transformando a competi\u00e7\u00e3o em uma grande festa da fam\u00edlia n\u00e1utica. Essa rede de apoio se estende a importantes parceiros institucionais, como a Marinha do Brasil, que assegura a seguran\u00e7a e a ordem nas \u00e1guas, e outras institui\u00e7\u00f5es que refor\u00e7am a legitimidade e a import\u00e2ncia do evento. A uni\u00e3o desses atores, p\u00fablicos e privados, demonstra o poder da coopera\u00e7\u00e3o para o alcance de um objetivo comum. \u00c9 a sinergia entre a paix\u00e3o dos clubes, a expertise da organiza\u00e7\u00e3o e o apoio institucional que consolida o Circuito N\u00e1utico como um evento de destaque, celebrando a paix\u00e3o pelo Gua\u00edba e o desenvolvimento da nossa cidade, transformando-a em um importante polo n\u00e1utico. Voltar ao topo<\/p>\n","protected":false},"author":1,"featured_media":0,"parent":0,"menu_order":0,"comment_status":"closed","ping_status":"closed","template":"elementor_header_footer","meta":{"_acf_changed":false,"footnotes":""},"class_list":["post-1741","page","type-page","status-publish","hentry"],"acf":[],"_hostinger_reach_plugin_has_subscription_block":false,"_hostinger_reach_plugin_is_elementor":false,"_links":{"self":[{"href":"https:\/\/circuitonautico.com\/index.php?rest_route=\/wp\/v2\/pages\/1741","targetHints":{"allow":["GET"]}}],"collection":[{"href":"https:\/\/circuitonautico.com\/index.php?rest_route=\/wp\/v2\/pages"}],"about":[{"href":"https:\/\/circuitonautico.com\/index.php?rest_route=\/wp\/v2\/types\/page"}],"author":[{"embeddable":true,"href":"https:\/\/circuitonautico.com\/index.php?rest_route=\/wp\/v2\/users\/1"}],"replies":[{"embeddable":true,"href":"https:\/\/circuitonautico.com\/index.php?rest_route=%2Fwp%2Fv2%2Fcomments&post=1741"}],"version-history":[{"count":76,"href":"https:\/\/circuitonautico.com\/index.php?rest_route=\/wp\/v2\/pages\/1741\/revisions"}],"predecessor-version":[{"id":5629,"href":"https:\/\/circuitonautico.com\/index.php?rest_route=\/wp\/v2\/pages\/1741\/revisions\/5629"}],"wp:attachment":[{"href":"https:\/\/circuitonautico.com\/index.php?rest_route=%2Fwp%2Fv2%2Fmedia&parent=1741"}],"curies":[{"name":"wp","href":"https:\/\/api.w.org\/{rel}","templated":true}]}}